{"id":815,"date":"2019-01-11T11:18:35","date_gmt":"2019-01-11T11:18:35","guid":{"rendered":"http:\/\/www.tankavaara.fi\/?page_id=815"},"modified":"2021-11-15T17:08:43","modified_gmt":"2021-11-15T15:08:43","slug":"hiihtolomatarjous","status":"publish","type":"page","link":"https:\/\/www.tankavaara.fi\/en\/talvi\/hiihtolomatarjous\/","title":{"rendered":"Skiing Holiday Offer"},"content":{"rendered":"<p><a href=\"http:\/\/www.tankavaara.fi\/wp-content\/uploads\/2019\/01\/Let-the-snow-fall..jpg\"><img loading=\"lazy\" decoding=\"async\" class=\"aligncenter size-full wp-image-817\" src=\"http:\/\/www.tankavaara.fi\/wp-content\/uploads\/2019\/01\/Let-the-snow-fall..jpg\" alt=\"\" width=\"820\" height=\"312\" srcset=\"https:\/\/www.tankavaara.fi\/wp-content\/uploads\/2019\/01\/Let-the-snow-fall..jpg 820w, https:\/\/www.tankavaara.fi\/wp-content\/uploads\/2019\/01\/Let-the-snow-fall.-300x114.jpg 300w, https:\/\/www.tankavaara.fi\/wp-content\/uploads\/2019\/01\/Let-the-snow-fall.-768x292.jpg 768w\" sizes=\"auto, (max-width: 820px) 100vw, 820px\" \/><\/a><\/p>\n<p>Our skiing holiday offers are valid for accommodation bookings 1st February &#8211; 29th March 2022 and 4th- 17th April 2022.<\/p>\n<p><strong>Currently we are offering 2 packages:<\/strong><\/p>\n<p><strong>Details and inclusions, Skiing vacation with half board:<\/strong><\/p>\n<ul>\n<li>Minimum stay is 3 nights<\/li>\n<li>Includes all our cottages and rooms<\/li>\n<li>Half-board (breakfast and 3 course dinner) included<\/li>\n<li>Tankavaara Gold Village also offers great activities onsite<\/li>\n<li>Discount offer is only valid for accommodation bookings made via our website or via email info(at)tankavaara.fi<\/li>\n<\/ul>\n<p><strong>Prices including breakfast and dinner:<\/strong><\/p>\n<ul>\n<li>378\u20ac\/ 2 adults \/ 3 nights \/ twin or double room<\/li>\n<li>126\u20ac \/night\/ 2 adults \/ twin on double room (63\u20ac\/person)<\/li>\n<li>253\u20ac \/night\/4 adults \/ 4 person apartment<\/li>\n<\/ul>\n<p><strong>2 days in Winter wonderland, inclusions:<\/strong><\/p>\n<ul>\n<li>Minimum stay is 2 nights<\/li>\n<li>Includes our new two person hotel rooms and 2 person korundi rooms<\/li>\n<li>Half board (breakast and 3 course dinner)<\/li>\n<li>Airport transporation from Ivalo airport<\/li>\n<li>Free use of snowshoes for two days<\/li>\n<li>Discount offer is only valid for accommodation bookings made via our website or via email info(at)tankavaara.fi<\/li>\n<\/ul>\n<p><strong>Prices including full board:<\/strong><\/p>\n<ul>\n<li>148\u20ac\/ person \/ 2 nights \/ twin or double room<\/li>\n<\/ul>\n<p><strong>Book below:<\/strong><br \/><script src=\"https:\/\/hotels.cloudbeds.com\/widget\/load\/XUbGiE\/horiz\"><\/script><\/p>\n\n\n<figure class=\"wp-block-gallery columns-3 is-cropped wp-block-gallery-1 is-layout-flex wp-block-gallery-is-layout-flex\"><ul class=\"blocks-gallery-grid\"><li class=\"blocks-gallery-item\"><figure><img loading=\"lazy\" decoding=\"async\" width=\"1024\" height=\"683\" src=\"http:\/\/www.tankavaara.fi\/wp-content\/uploads\/2019\/10\/IMG_9563-1024x683.jpg\" alt=\"\" data-id=\"1104\" data-link=\"http:\/\/www.tankavaara.fi\/img_9563\/\" class=\"wp-image-1104\" srcset=\"https:\/\/www.tankavaara.fi\/wp-content\/uploads\/2019\/10\/IMG_9563-1024x683.jpg 1024w, https:\/\/www.tankavaara.fi\/wp-content\/uploads\/2019\/10\/IMG_9563-300x200.jpg 300w, https:\/\/www.tankavaara.fi\/wp-content\/uploads\/2019\/10\/IMG_9563-768x512.jpg 768w\" sizes=\"auto, (max-width: 1024px) 100vw, 1024px\" \/><\/figure><\/li><li class=\"blocks-gallery-item\"><figure><img loading=\"lazy\" decoding=\"async\" width=\"1024\" height=\"683\" src=\"http:\/\/www.tankavaara.fi\/wp-content\/uploads\/2019\/10\/IMG_1667-1024x683.jpg\" alt=\"\" data-id=\"1103\" data-link=\"http:\/\/www.tankavaara.fi\/img_1667\/\" class=\"wp-image-1103\" srcset=\"https:\/\/www.tankavaara.fi\/wp-content\/uploads\/2019\/10\/IMG_1667-1024x683.jpg 1024w, https:\/\/www.tankavaara.fi\/wp-content\/uploads\/2019\/10\/IMG_1667-300x200.jpg 300w, https:\/\/www.tankavaara.fi\/wp-content\/uploads\/2019\/10\/IMG_1667-768x512.jpg 768w\" sizes=\"auto, (max-width: 1024px) 100vw, 1024px\" \/><\/figure><\/li><li class=\"blocks-gallery-item\"><figure><img loading=\"lazy\" decoding=\"async\" width=\"683\" height=\"1024\" src=\"http:\/\/www.tankavaara.fi\/wp-content\/uploads\/2019\/10\/33969914228_c4ac2bf3b9_k-683x1024.jpg\" alt=\"\" data-id=\"1100\" data-link=\"http:\/\/www.tankavaara.fi\/33969914228_c4ac2bf3b9_k\/\" class=\"wp-image-1100\" srcset=\"https:\/\/www.tankavaara.fi\/wp-content\/uploads\/2019\/10\/33969914228_c4ac2bf3b9_k-683x1024.jpg 683w, https:\/\/www.tankavaara.fi\/wp-content\/uploads\/2019\/10\/33969914228_c4ac2bf3b9_k-200x300.jpg 200w, https:\/\/www.tankavaara.fi\/wp-content\/uploads\/2019\/10\/33969914228_c4ac2bf3b9_k-768x1152.jpg 768w, https:\/\/www.tankavaara.fi\/wp-content\/uploads\/2019\/10\/33969914228_c4ac2bf3b9_k.jpg 1365w\" sizes=\"auto, (max-width: 683px) 100vw, 683px\" \/><\/figure><\/li><li class=\"blocks-gallery-item\"><figure><img loading=\"lazy\" decoding=\"async\" width=\"1024\" height=\"683\" src=\"http:\/\/www.tankavaara.fi\/wp-content\/uploads\/2019\/10\/Jorpulip\u00e4\u00e4ll\u00e4-Veera-Paakkonen-1024x683.jpg\" alt=\"\" data-id=\"1098\" data-link=\"http:\/\/www.tankavaara.fi\/jorpulipaalla-veera-paakkonen\/\" class=\"wp-image-1098\" srcset=\"https:\/\/www.tankavaara.fi\/wp-content\/uploads\/2019\/10\/Jorpulip\u00e4\u00e4ll\u00e4-Veera-Paakkonen-1024x683.jpg 1024w, https:\/\/www.tankavaara.fi\/wp-content\/uploads\/2019\/10\/Jorpulip\u00e4\u00e4ll\u00e4-Veera-Paakkonen-300x200.jpg 300w, https:\/\/www.tankavaara.fi\/wp-content\/uploads\/2019\/10\/Jorpulip\u00e4\u00e4ll\u00e4-Veera-Paakkonen-768x512.jpg 768w\" sizes=\"auto, (max-width: 1024px) 100vw, 1024px\" \/><\/figure><\/li><\/ul><\/figure>\n","protected":false},"excerpt":{"rendered":"<p>Our skiing holiday offers are valid for accommodation bookings 1st February &#8211; 29th March 2022 and 4th- 17th April 2022. Currently we are offering 2 packages: Details and inclusions, Skiing vacation with half board: Minimum stay is 3 nights Includes&hellip; <\/p>\n","protected":false},"author":1,"featured_media":817,"parent":77,"menu_order":0,"comment_status":"closed","ping_status":"closed","template":"","meta":{"_monsterinsights_skip_tracking":false,"_monsterinsights_sitenote_active":false,"_monsterinsights_sitenote_note":"","_monsterinsights_sitenote_category":0,"footnotes":""},"class_list":["post-815","page","type-page","status-publish","has-post-thumbnail","hentry"],"translation":{"provider":"WPGlobus","version":"3.0.2","language":"en","enabled_languages":["fi","en"],"languages":{"fi":{"title":true,"content":true,"excerpt":false},"en":{"title":true,"content":true,"excerpt":false}}},"_links":{"self":[{"href":"https:\/\/www.tankavaara.fi\/en\/wp-json\/wp\/v2\/pages\/815","targetHints":{"allow":["GET"]}}],"collection":[{"href":"https:\/\/www.tankavaara.fi\/en\/wp-json\/wp\/v2\/pages"}],"about":[{"href":"https:\/\/www.tankavaara.fi\/en\/wp-json\/wp\/v2\/types\/page"}],"author":[{"embeddable":true,"href":"https:\/\/www.tankavaara.fi\/en\/wp-json\/wp\/v2\/users\/1"}],"replies":[{"embeddable":true,"href":"https:\/\/www.tankavaara.fi\/en\/wp-json\/wp\/v2\/comments?post=815"}],"version-history":[{"count":28,"href":"https:\/\/www.tankavaara.fi\/en\/wp-json\/wp\/v2\/pages\/815\/revisions"}],"predecessor-version":[{"id":1913,"href":"https:\/\/www.tankavaara.fi\/en\/wp-json\/wp\/v2\/pages\/815\/revisions\/1913"}],"up":[{"embeddable":true,"href":"https:\/\/www.tankavaara.fi\/en\/wp-json\/wp\/v2\/pages\/77"}],"wp:featuredmedia":[{"embeddable":true,"href":"https:\/\/www.tankavaara.fi\/en\/wp-json\/wp\/v2\/media\/817"}],"wp:attachment":[{"href":"https:\/\/www.tankavaara.fi\/en\/wp-json\/wp\/v2\/media?parent=815"}],"curies":[{"name":"wp","href":"https:\/\/api.w.org\/{rel}","templated":true}]}}