{"id":520,"date":"2018-04-20T08:35:21","date_gmt":"2018-04-20T08:35:21","guid":{"rendered":"http:\/\/www.tankavaara.fi\/?page_id=520"},"modified":"2024-03-22T10:10:22","modified_gmt":"2024-03-22T08:10:22","slug":"juhannuksen-kultakisat","status":"publish","type":"page","link":"https:\/\/www.tankavaara.fi\/en\/tapahtumat\/juhannuksen-kultakisat\/","title":{"rendered":"Juhannuksen Kultakisat 2024"},"content":{"rendered":"<h1><strong>KULTAPERINNE Ry. J\u00c4RJEST\u00c4\u00c4<\/strong><\/h1>\n<p>KULLANKAIVAJIEN XXIX JUHANNUSKILPAILUT<\/p>\n<p><img loading=\"lazy\" decoding=\"async\" class=\"aligncenter size-medium wp-image-521\" src=\"http:\/\/www.tankavaara.fi\/wp-content\/uploads\/2018\/04\/Logo2_1-1-300x300.jpg\" alt=\"\" width=\"300\" height=\"300\" srcset=\"https:\/\/www.tankavaara.fi\/wp-content\/uploads\/2018\/04\/Logo2_1-1-300x300.jpg 300w, https:\/\/www.tankavaara.fi\/wp-content\/uploads\/2018\/04\/Logo2_1-1-150x150.jpg 150w, https:\/\/www.tankavaara.fi\/wp-content\/uploads\/2018\/04\/Logo2_1-1-230x230.jpg 230w, https:\/\/www.tankavaara.fi\/wp-content\/uploads\/2018\/04\/Logo2_1-1.jpg 329w\" sizes=\"auto, (max-width: 300px) 100vw, 300px\" \/><\/p>\n<p>Ohjelma l\u00f6ytyy Lapin kullankaivajain liiton sivuilta: <a href=\"https:\/\/www.kullankaivajat.fi\/kultakisat\/?event_id1=2533\">LKL<\/a><\/p>\n<h5><strong>Majoitu ja herkuttele Tankavaaran Kultakyl\u00e4ss\u00e4<\/strong><\/h5>\n<p><span style=\"font-weight: 400;\">Tankavaaran Kultakyl\u00e4st\u00e4 l\u00f6yd\u00e4t hottelihuoneita, Korundi-huoneistoja sek\u00e4 m\u00f6kkej\u00e4, joissa majoitut mukavasti aivan kisa-alueen tuntumassa. Majoittua voit my\u00f6s leirint\u00e4alueellamme ja uusissa Kultar\u00e4nni-huoneissamme. <\/span><a href=\"http:\/\/www.tankavaara.fi\/majoitus\/\"><span style=\"font-weight: 400;\">Tutustu majoitusvaihtoehtoihimme tarkemmin!<\/span><\/a><\/p>\n<p><span style=\"font-weight: 400;\">Juhannuskisojen herkuttelupuolesta vastaa televisiostakin tuttu ravintola Wanha Waskoolimies, joka tarjoilee joka p\u00e4iv\u00e4 niin aamiaista, lounasta kuin \u00e0 la carte -ruokiakin. Waskoolimiehen listalta l\u00f6yd\u00e4t upean kattauksen ruokia paikallisilla raaka-aineilla.<\/span><\/p>\n<h5><span style=\"font-weight: 400;\">N\u00e4in saavut Tankavaaraan<\/span><\/h5>\n<p><span style=\"font-weight: 400;\">Tankavaara sijaitsee E75-tien (vt. 4) varrella, Sodankyl\u00e4st\u00e4 n. 100 km pohjoiseen ja Saarisel\u00e4lt\u00e4 n. 30 km etel\u00e4\u00e4n. <\/span><span style=\"font-weight: 400;\">L\u00e4hin lentokentt\u00e4 on Ivalossa, Tankavaarasta 60 km pohjoiseen. Saapuessasi julkisilla, voit lent\u00e4\u00e4 my\u00f6s Rovaniemen lentokent\u00e4lle. Sek\u00e4 Ivalosta ett\u00e4 Rovaniemelt\u00e4 p\u00e4\u00e4set jatkamaan matkaasi linja-autolla aina Tankavaaraan saakka. L\u00e4hin pys\u00e4kki on Tankavaaran tiehaara (Tankavaara th). L\u00f6yd\u00e4 bussivuorosi: <\/span><a href=\"https:\/\/www.matkahuolto.fi\/\"><span style=\"font-weight: 400;\">Matkahuolto.fi<\/span><\/a><span style=\"font-weight: 400;\">.<\/span><\/p>\n","protected":false},"excerpt":{"rendered":"<p>KULTAPERINNE Ry. J\u00c4RJEST\u00c4\u00c4 KULLANKAIVAJIEN XXIX JUHANNUSKILPAILUT Ohjelma l\u00f6ytyy Lapin kullankaivajain liiton sivuilta: LKL Majoitu ja herkuttele Tankavaaran Kultakyl\u00e4ss\u00e4 Tankavaaran Kultakyl\u00e4st\u00e4 l\u00f6yd\u00e4t hottelihuoneita, Korundi-huoneistoja sek\u00e4 m\u00f6kkej\u00e4, joissa majoitut mukavasti aivan kisa-alueen tuntumassa. Majoittua voit my\u00f6s leirint\u00e4alueellamme ja uusissa Kultar\u00e4nni-huoneissamme. Tutustu majoitusvaihtoehtoihimme&hellip; <\/p>\n","protected":false},"author":1,"featured_media":0,"parent":25,"menu_order":0,"comment_status":"closed","ping_status":"closed","template":"","meta":{"_monsterinsights_skip_tracking":false,"_monsterinsights_sitenote_active":false,"_monsterinsights_sitenote_note":"","_monsterinsights_sitenote_category":0,"footnotes":""},"class_list":["post-520","page","type-page","status-publish","hentry"],"translation":{"provider":"WPGlobus","version":"3.0.2","language":"en","enabled_languages":["fi","en"],"languages":{"fi":{"title":true,"content":true,"excerpt":false},"en":{"title":false,"content":false,"excerpt":false}}},"_links":{"self":[{"href":"https:\/\/www.tankavaara.fi\/en\/wp-json\/wp\/v2\/pages\/520","targetHints":{"allow":["GET"]}}],"collection":[{"href":"https:\/\/www.tankavaara.fi\/en\/wp-json\/wp\/v2\/pages"}],"about":[{"href":"https:\/\/www.tankavaara.fi\/en\/wp-json\/wp\/v2\/types\/page"}],"author":[{"embeddable":true,"href":"https:\/\/www.tankavaara.fi\/en\/wp-json\/wp\/v2\/users\/1"}],"replies":[{"embeddable":true,"href":"https:\/\/www.tankavaara.fi\/en\/wp-json\/wp\/v2\/comments?post=520"}],"version-history":[{"count":14,"href":"https:\/\/www.tankavaara.fi\/en\/wp-json\/wp\/v2\/pages\/520\/revisions"}],"predecessor-version":[{"id":2351,"href":"https:\/\/www.tankavaara.fi\/en\/wp-json\/wp\/v2\/pages\/520\/revisions\/2351"}],"up":[{"embeddable":true,"href":"https:\/\/www.tankavaara.fi\/en\/wp-json\/wp\/v2\/pages\/25"}],"wp:attachment":[{"href":"https:\/\/www.tankavaara.fi\/en\/wp-json\/wp\/v2\/media?parent=520"}],"curies":[{"name":"wp","href":"https:\/\/api.w.org\/{rel}","templated":true}]}}