{"id":2551,"date":"2025-10-04T10:10:47","date_gmt":"2025-10-04T08:10:47","guid":{"rendered":"https:\/\/www.tankavaara.fi\/?page_id=2551"},"modified":"2025-10-04T10:49:00","modified_gmt":"2025-10-04T08:49:00","slug":"pikkujoulut","status":"publish","type":"page","link":"https:\/\/www.tankavaara.fi\/en\/pikkujoulut\/","title":{"rendered":"Pikkujoulut"},"content":{"rendered":"\n<p>Tankavaaran Kultakyl\u00e4n Ys\u00e4ripikkujoulut tanssitaan Lauantaina 15.11.2025! Varaa paikkasi pikkujouluruokailuun s\u00e4hk\u00f6postitse info@tankavaara.fi, menu alla.<\/p>\n\n\n\n<figure class=\"wp-block-image size-large\"><a href=\"https:\/\/www.tankavaara.fi\/wp-content\/uploads\/2025\/09\/Ysaripikkujoulumainos_VALMIS-01.jpg\"><img loading=\"lazy\" decoding=\"async\" width=\"724\" height=\"1024\" src=\"https:\/\/www.tankavaara.fi\/wp-content\/uploads\/2025\/09\/Ysaripikkujoulumainos_VALMIS-01-724x1024.jpg\" alt=\"\" class=\"wp-image-2530\" srcset=\"https:\/\/www.tankavaara.fi\/wp-content\/uploads\/2025\/09\/Ysaripikkujoulumainos_VALMIS-01-724x1024.jpg 724w, https:\/\/www.tankavaara.fi\/wp-content\/uploads\/2025\/09\/Ysaripikkujoulumainos_VALMIS-01-212x300.jpg 212w, https:\/\/www.tankavaara.fi\/wp-content\/uploads\/2025\/09\/Ysaripikkujoulumainos_VALMIS-01-768x1086.jpg 768w, https:\/\/www.tankavaara.fi\/wp-content\/uploads\/2025\/09\/Ysaripikkujoulumainos_VALMIS-01-1086x1536.jpg 1086w, https:\/\/www.tankavaara.fi\/wp-content\/uploads\/2025\/09\/Ysaripikkujoulumainos_VALMIS-01.jpg 1240w\" sizes=\"auto, (max-width: 724px) 100vw, 724px\" \/><\/a><\/figure>\n\n\n\n<p>Pikkujoulumenu klo 18:00-20:00, p\u00f6ytiintarjoilu<\/p>\n\n\n\n<p>Alkuun:<\/p>\n\n\n\n<ul class=\"wp-block-list\">\n<li>Savukalkkunaa<\/li>\n\n\n\n<li>Maksapatee ja marjahilloke<\/li>\n\n\n\n<li>kylm\u00e4savuhaukea Vuotsosta ja talon mallasleip\u00e4\u00e4<\/li>\n\n\n\n<li>rosollia<\/li>\n\n\n\n<li>sienisalaattia<\/li>\n\n\n\n<li>paholaisenmunia ja siian m\u00e4ti\u00e4<\/li>\n<\/ul>\n\n\n\n<p>P\u00e4\u00e4ruoaksi<\/p>\n\n\n\n<ul class=\"wp-block-list\">\n<li>Perinteinen joulukinkku, sinappikastike<\/li>\n\n\n\n<li>Porkkana-, lanttu- ja perunalaatikoita<\/li>\n\n\n\n<li>L\u00e4mminsavustettua kirjolohta<\/li>\n<\/ul>\n\n\n\n<p>J\u00e4lkiruokap\u00f6yt\u00e4<\/p>\n\n\n\n<ul class=\"wp-block-list\">\n<li>Mausteinen joulukakku<\/li>\n\n\n\n<li>Piparkakku-valkosuklaamousse<\/li>\n\n\n\n<li>konvehteja<\/li>\n\n\n\n<li>gl\u00f6gi\u00e4<\/li>\n<\/ul>\n\n\n\n<p>Koko menu on laktoositon, ilmoitathan varatessa mahdolliset erikoisruokavaliot ja allergiat.<\/p>\n\n\n\n<p>n. klo 22 alkaen Bileb\u00e4ndi Ohra soittaa suomalaisia Ys\u00e4riklassikoita! Liput 7\u20ac\/hl\u00f6<\/p>\n\n\n\n<figure class=\"wp-block-embed is-type-video is-provider-youtube wp-block-embed-youtube wp-embed-aspect-16-9 wp-has-aspect-ratio\"><div class=\"wp-block-embed__wrapper\">\n<iframe loading=\"lazy\" title=\"OHRA - Odota cover\" width=\"700\" height=\"394\" src=\"https:\/\/www.youtube.com\/embed\/bF3dx29gVuk?feature=oembed\" frameborder=\"0\" allow=\"accelerometer; autoplay; clipboard-write; encrypted-media; gyroscope; picture-in-picture; web-share\" referrerpolicy=\"strict-origin-when-cross-origin\" allowfullscreen><\/iframe>\n<\/div><\/figure>\n","protected":false},"excerpt":{"rendered":"<p>Tankavaaran Kultakyl\u00e4n Ys\u00e4ripikkujoulut tanssitaan Lauantaina 15.11.2025! Varaa paikkasi pikkujouluruokailuun s\u00e4hk\u00f6postitse info@tankavaara.fi, menu alla. Pikkujoulumenu klo 18:00-20:00, p\u00f6ytiintarjoilu Alkuun: P\u00e4\u00e4ruoaksi J\u00e4lkiruokap\u00f6yt\u00e4 Koko menu on laktoositon, ilmoitathan varatessa mahdolliset erikoisruokavaliot ja allergiat. n. klo 22 alkaen Bileb\u00e4ndi Ohra soittaa suomalaisia Ys\u00e4riklassikoita! Liput&hellip; <\/p>\n","protected":false},"author":1,"featured_media":2530,"parent":0,"menu_order":0,"comment_status":"closed","ping_status":"closed","template":"","meta":{"_monsterinsights_skip_tracking":false,"_monsterinsights_sitenote_active":false,"_monsterinsights_sitenote_note":"","_monsterinsights_sitenote_category":0,"footnotes":""},"class_list":["post-2551","page","type-page","status-publish","has-post-thumbnail","hentry"],"translation":{"provider":"WPGlobus","version":"3.0.2","language":"en","enabled_languages":["fi","en"],"languages":{"fi":{"title":true,"content":true,"excerpt":false},"en":{"title":false,"content":false,"excerpt":false}}},"_links":{"self":[{"href":"https:\/\/www.tankavaara.fi\/en\/wp-json\/wp\/v2\/pages\/2551","targetHints":{"allow":["GET"]}}],"collection":[{"href":"https:\/\/www.tankavaara.fi\/en\/wp-json\/wp\/v2\/pages"}],"about":[{"href":"https:\/\/www.tankavaara.fi\/en\/wp-json\/wp\/v2\/types\/page"}],"author":[{"embeddable":true,"href":"https:\/\/www.tankavaara.fi\/en\/wp-json\/wp\/v2\/users\/1"}],"replies":[{"embeddable":true,"href":"https:\/\/www.tankavaara.fi\/en\/wp-json\/wp\/v2\/comments?post=2551"}],"version-history":[{"count":1,"href":"https:\/\/www.tankavaara.fi\/en\/wp-json\/wp\/v2\/pages\/2551\/revisions"}],"predecessor-version":[{"id":2552,"href":"https:\/\/www.tankavaara.fi\/en\/wp-json\/wp\/v2\/pages\/2551\/revisions\/2552"}],"wp:featuredmedia":[{"embeddable":true,"href":"https:\/\/www.tankavaara.fi\/en\/wp-json\/wp\/v2\/media\/2530"}],"wp:attachment":[{"href":"https:\/\/www.tankavaara.fi\/en\/wp-json\/wp\/v2\/media?parent=2551"}],"curies":[{"name":"wp","href":"https:\/\/api.w.org\/{rel}","templated":true}]}}