{"id":201,"date":"2016-12-04T15:44:55","date_gmt":"2016-12-04T15:44:55","guid":{"rendered":"http:\/\/www.tankavaara.fi\/?page_id=201"},"modified":"2019-11-11T11:14:40","modified_gmt":"2019-11-11T11:14:40","slug":"northernstar-rockn-roll-blues-nights","status":"publish","type":"page","link":"https:\/\/www.tankavaara.fi\/en\/tapahtumat\/northernstar-rockn-roll-blues-nights\/","title":{"rendered":"The Northern Star Rock&#8217;n Roll &#038; Blues Night"},"content":{"rendered":"<p><a href=\"http:\/\/www.tankavaara.fi\/wp-content\/uploads\/2016\/12\/rr-ja-blues-lapinkulta.jpg\"><img loading=\"lazy\" decoding=\"async\" class=\"aligncenter size-large wp-image-238\" src=\"http:\/\/www.tankavaara.fi\/wp-content\/uploads\/2016\/12\/rr-ja-blues-lapinkulta-1024x330.jpg\" alt=\"rr-ja-blues-lapinkulta\" width=\"700\" height=\"226\" \/><\/a><\/p>\n<h2><span style=\"font-weight: 400;\">The Northern Star Rock\u2019n Roll &amp; Blues Nights<\/span><\/h2>\n<p><b>Milt\u00e4 kuulostaisi livemusiikki Lapin syd\u00e4nmailla, kynttil\u00e4kuusien katveessa? The Northernstar Rock\u2019n Roll &amp; Blues nights tuo hienoja esiintyji\u00e4 er\u00e4maan reunalla sijaitsevaan<\/b><b> kelohirsiseen ravintolaan, Wanhaan Waskoolimieheen.<\/b><\/p>\n<p><strong>23.11.2019 P\u00e4ivitys: Maplracticen keikka on peruuntunut, Henna Karppinen esiintyy klo 21 alkaen. Keikka on ilmainen.<\/strong><\/p>\n<p><a href=\"http:\/\/www.tankavaara.fi\/wp-content\/uploads\/2019\/10\/1.jpg\"><img loading=\"lazy\" decoding=\"async\" class=\"size-full wp-image-1145 aligncenter\" src=\"http:\/\/www.tankavaara.fi\/wp-content\/uploads\/2019\/10\/1.jpg\" alt=\"\" width=\"530\" height=\"530\" \/><\/a><\/p>\n<p><a href=\"http:\/\/www.tankavaara.fi\/wp-content\/uploads\/2019\/10\/2.jpg\"><img loading=\"lazy\" decoding=\"async\" class=\"aligncenter size-full wp-image-1146\" src=\"http:\/\/www.tankavaara.fi\/wp-content\/uploads\/2019\/10\/2.jpg\" alt=\"\" width=\"530\" height=\"530\" \/><\/a><\/p>\n<p><span style=\"font-weight: 400;\">Kaamoksen alku on Lapin taianomaisinta aikaa. Pitenevi\u00e4 \u00f6it\u00e4 v\u00e4ritt\u00e4v\u00e4t taivaalla loimuavat revontulet, kun \u00e4\u00e4ret\u00f6n er\u00e4maa vet\u00e4ytyy lepoon. Tuona aikana, marraskuun lopulla, vietet\u00e4\u00e4n Tankavaaran Kultakyl\u00e4ss\u00e4 Rock\u2019n Roll &amp; Blues nights -tapahtumaa. Urho Kekkosen kansallispuiston laidalla kohoavassa <\/span><span style=\"font-weight: 400;\">Wanhassa Waskoolimiehess\u00e4<\/span><span style=\"font-weight: 400;\"> live-esiintyj\u00e4t nostattavat Kultakyl\u00e4n tunnelman kattoon, vaikka er\u00e4maa jo uinuukin talviunta. <\/span><\/p>\n<p><span style=\"font-weight: 400;\">Vuosien mittaan tapahtumassa ovat esiintyneet muun muassa Heikki Silvennoinen, Pepe Ahlqvist ja Tuomari Nurmio.<\/span><\/p>\n<p><span style=\"font-weight: 400;\">Ravintolalla on tietenkin A-oikeudet, ja tarjolla on my\u00f6s maittavia iltaherkkuja. Lis\u00e4ksi Wanha Waskoolimies tarjoilee p\u00e4ivitt\u00e4in aamupalaa, lounasta ja \u00e0 la carte -ruokia. Majoittua voit mukavasti paikan p\u00e4\u00e4ll\u00e4 Kultakyl\u00e4ss\u00e4, <\/span><a href=\"http:\/\/www.tankavaara.fi\/majoitus\/\"><span style=\"font-weight: 400;\">varaathan m\u00f6kkisi tai huoneistosi etuk\u00e4teen.<\/span><\/a><\/p>\n<p><span style=\"font-weight: 400;\">Kultakyl\u00e4st\u00e4 k\u00e4sin tutustut helposti my\u00f6s <\/span><a href=\"https:\/\/www.kultamuseo.fi\/\"><span style=\"font-weight: 400;\">Kultamuseoon<\/span><\/a><span style=\"font-weight: 400;\"> sek\u00e4 <\/span><a href=\"http:\/\/retkipaikka.fi\/urho-kekkosen-kansallispuisto\/\"><span style=\"font-weight: 400;\">Urho Kekkosen kansallispuistoon<\/span><\/a><span style=\"font-weight: 400;\"> johtaviin rengasreitteihin.<\/span><\/p>\n<h2><span style=\"font-weight: 400;\">N\u00e4in saavut Tankavaaraan<\/span><\/h2>\n<p><span style=\"font-weight: 400;\">Tankavaara sijaitsee E75-tien (vt. 4) varrella, Sodankyl\u00e4st\u00e4 n. 100 km pohjoiseen ja Saarisel\u00e4lt\u00e4 n. 30 km etel\u00e4\u00e4n. <\/span><\/p>\n<p><span style=\"font-weight: 400;\">L\u00e4hin lentokentt\u00e4 on Ivalossa, Tankavaarasta 60 km pohjoiseen. Saapuessasi julkisilla, voit lent\u00e4\u00e4 my\u00f6s Rovaniemen lentokent\u00e4lle. Sek\u00e4 Ivalosta ett\u00e4 Rovaniemelt\u00e4 p\u00e4\u00e4set jatkamaan matkaasi linja-autolla aina Tankavaaraan saakka. L\u00e4hin pys\u00e4kki on Tankavaaran tiehaara (Tankavaara th). L\u00f6yd\u00e4 bussivuorosi: <\/span><a href=\"https:\/\/www.matkahuolto.fi\/\"><span style=\"font-weight: 400;\">Matkahuolto.fi<\/span><\/a><span style=\"font-weight: 400;\">.<\/span><\/p>\n<p style=\"text-align: left;\">\n","protected":false},"excerpt":{"rendered":"<p>The Northern Star Rock\u2019n Roll &amp; Blues Nights Milt\u00e4 kuulostaisi livemusiikki Lapin syd\u00e4nmailla, kynttil\u00e4kuusien katveessa? The Northernstar Rock\u2019n Roll &amp; Blues nights tuo hienoja esiintyji\u00e4 er\u00e4maan reunalla sijaitsevaan kelohirsiseen ravintolaan, Wanhaan Waskoolimieheen. 23.11.2019 P\u00e4ivitys: Maplracticen keikka on peruuntunut, Henna Karppinen&hellip; <\/p>\n","protected":false},"author":1,"featured_media":0,"parent":25,"menu_order":0,"comment_status":"closed","ping_status":"closed","template":"","meta":{"_monsterinsights_skip_tracking":false,"_monsterinsights_sitenote_active":false,"_monsterinsights_sitenote_note":"","_monsterinsights_sitenote_category":0,"footnotes":""},"class_list":["post-201","page","type-page","status-publish","hentry"],"translation":{"provider":"WPGlobus","version":"3.0.2","language":"en","enabled_languages":["fi","en"],"languages":{"fi":{"title":true,"content":true,"excerpt":false},"en":{"title":false,"content":false,"excerpt":false}}},"_links":{"self":[{"href":"https:\/\/www.tankavaara.fi\/en\/wp-json\/wp\/v2\/pages\/201","targetHints":{"allow":["GET"]}}],"collection":[{"href":"https:\/\/www.tankavaara.fi\/en\/wp-json\/wp\/v2\/pages"}],"about":[{"href":"https:\/\/www.tankavaara.fi\/en\/wp-json\/wp\/v2\/types\/page"}],"author":[{"embeddable":true,"href":"https:\/\/www.tankavaara.fi\/en\/wp-json\/wp\/v2\/users\/1"}],"replies":[{"embeddable":true,"href":"https:\/\/www.tankavaara.fi\/en\/wp-json\/wp\/v2\/comments?post=201"}],"version-history":[{"count":11,"href":"https:\/\/www.tankavaara.fi\/en\/wp-json\/wp\/v2\/pages\/201\/revisions"}],"predecessor-version":[{"id":1151,"href":"https:\/\/www.tankavaara.fi\/en\/wp-json\/wp\/v2\/pages\/201\/revisions\/1151"}],"up":[{"embeddable":true,"href":"https:\/\/www.tankavaara.fi\/en\/wp-json\/wp\/v2\/pages\/25"}],"wp:attachment":[{"href":"https:\/\/www.tankavaara.fi\/en\/wp-json\/wp\/v2\/media?parent=201"}],"curies":[{"name":"wp","href":"https:\/\/api.w.org\/{rel}","templated":true}]}}