{"id":1881,"date":"2021-10-31T14:08:14","date_gmt":"2021-10-31T12:08:14","guid":{"rendered":"https:\/\/www.tankavaara.fi\/?page_id=1881"},"modified":"2023-04-05T16:48:05","modified_gmt":"2023-04-05T14:48:05","slug":"meille-toihin","status":"publish","type":"page","link":"https:\/\/www.tankavaara.fi\/en\/meille-toihin\/","title":{"rendered":"Meille t\u00f6ihin"},"content":{"rendered":"\n<p>Tankavaaran Kultakyl\u00e4 on Lapissa Urho Kekkosen kansallispuiston kainalossa sijaitseva el\u00e4myskeskus. Meill\u00e4 toimii majoitus-, ravintola- sek\u00e4 ohjelmapalvelut yhdess\u00e4 osoitteessa.  Kes\u00e4kautena kullanhuuhdonta on p\u00e4\u00e4 vetonaulamme kun taas talvella toteutamme aktiviteettiel\u00e4myksi\u00e4 p\u00e4\u00e4asiassa ulkomaalaisille asiakkaillemme.<\/p>\n\n\n\n<p>Etsimme t\u00e4ll\u00e4 hetkell\u00e4 ravintolaamme tarjoilijaa, kokkia ja siivoojaa. Kes\u00e4sesongissa on my\u00f6s kullanhuuhdontaoppaille tarvetta. My\u00f6s mik\u00e4li olet esimerkiksi matkailualan opiskelija tarjoamme ty\u00f6ss\u00e4oppimispaikkoja. Meill\u00e4 on mahdollisuus tarjota ty\u00f6ntekij\u00e4lle asunto.<\/p>\n\n\n\n<p><\/p>\n\n\n\n<p>Mik\u00e4li kiinnostuit niin laita avoin hakemus sek\u00e4 ansioluettelosi s\u00e4hk\u00f6postitse osoitteeseen info@tankavaara.fi.<\/p>\n","protected":false},"excerpt":{"rendered":"<p>Tankavaaran Kultakyl\u00e4 on Lapissa Urho Kekkosen kansallispuiston kainalossa sijaitseva el\u00e4myskeskus. Meill\u00e4 toimii majoitus-, ravintola- sek\u00e4 ohjelmapalvelut yhdess\u00e4 osoitteessa. Kes\u00e4kautena kullanhuuhdonta on p\u00e4\u00e4 vetonaulamme kun taas talvella toteutamme aktiviteettiel\u00e4myksi\u00e4 p\u00e4\u00e4asiassa ulkomaalaisille asiakkaillemme. Etsimme t\u00e4ll\u00e4 hetkell\u00e4 ravintolaamme tarjoilijaa, kokkia ja siivoojaa. Kes\u00e4sesongissa&hellip; <\/p>\n","protected":false},"author":1,"featured_media":0,"parent":0,"menu_order":0,"comment_status":"closed","ping_status":"closed","template":"","meta":{"_monsterinsights_skip_tracking":false,"_monsterinsights_sitenote_active":false,"_monsterinsights_sitenote_note":"","_monsterinsights_sitenote_category":0,"footnotes":""},"class_list":["post-1881","page","type-page","status-publish","hentry"],"translation":{"provider":"WPGlobus","version":"3.0.2","language":"en","enabled_languages":["fi","en"],"languages":{"fi":{"title":true,"content":true,"excerpt":false},"en":{"title":true,"content":true,"excerpt":false}}},"_links":{"self":[{"href":"https:\/\/www.tankavaara.fi\/en\/wp-json\/wp\/v2\/pages\/1881","targetHints":{"allow":["GET"]}}],"collection":[{"href":"https:\/\/www.tankavaara.fi\/en\/wp-json\/wp\/v2\/pages"}],"about":[{"href":"https:\/\/www.tankavaara.fi\/en\/wp-json\/wp\/v2\/types\/page"}],"author":[{"embeddable":true,"href":"https:\/\/www.tankavaara.fi\/en\/wp-json\/wp\/v2\/users\/1"}],"replies":[{"embeddable":true,"href":"https:\/\/www.tankavaara.fi\/en\/wp-json\/wp\/v2\/comments?post=1881"}],"version-history":[{"count":8,"href":"https:\/\/www.tankavaara.fi\/en\/wp-json\/wp\/v2\/pages\/1881\/revisions"}],"predecessor-version":[{"id":2206,"href":"https:\/\/www.tankavaara.fi\/en\/wp-json\/wp\/v2\/pages\/1881\/revisions\/2206"}],"wp:attachment":[{"href":"https:\/\/www.tankavaara.fi\/en\/wp-json\/wp\/v2\/media?parent=1881"}],"curies":[{"name":"wp","href":"https:\/\/api.w.org\/{rel}","templated":true}]}}