{"id":1698,"date":"2021-02-12T10:34:01","date_gmt":"2021-02-12T08:34:01","guid":{"rendered":"https:\/\/www.tankavaara.fi\/?page_id=1698"},"modified":"2021-02-12T10:49:46","modified_gmt":"2021-02-12T08:49:46","slug":"opastettu-eraretki-patatunturille","status":"publish","type":"page","link":"https:\/\/www.tankavaara.fi\/en\/opastettu-eraretki-patatunturille\/","title":{"rendered":"Opastettu Er\u00e4retki Patatunturille"},"content":{"rendered":"\n<p><em>P\u00e4iv\u00e4retki hiiht\u00e4en tai lumikengill\u00e4 Hammastunturin er\u00e4maahan, sek\u00e4 kolmen y\u00f6n majoitus ja ruokailut.<\/em><\/p>\n\n\n\n<figure class=\"wp-block-gallery columns-3 is-cropped wp-block-gallery-1 is-layout-flex wp-block-gallery-is-layout-flex\"><ul class=\"blocks-gallery-grid\"><li class=\"blocks-gallery-item\"><figure><a href=\"https:\/\/www.tankavaara.fi\/wp-content\/uploads\/2020\/11\/47847421821_ab9e7a1d52_k.jpg\"><img loading=\"lazy\" decoding=\"async\" width=\"1024\" height=\"767\" src=\"https:\/\/www.tankavaara.fi\/wp-content\/uploads\/2020\/11\/47847421821_ab9e7a1d52_k-1024x767.jpg\" alt=\"\" data-id=\"1484\" data-full-url=\"https:\/\/www.tankavaara.fi\/wp-content\/uploads\/2020\/11\/47847421821_ab9e7a1d52_k.jpg\" data-link=\"https:\/\/www.tankavaara.fi\/kauppa\/47847421821_ab9e7a1d52_k\/\" class=\"wp-image-1484\" srcset=\"https:\/\/www.tankavaara.fi\/wp-content\/uploads\/2020\/11\/47847421821_ab9e7a1d52_k-1024x767.jpg 1024w, https:\/\/www.tankavaara.fi\/wp-content\/uploads\/2020\/11\/47847421821_ab9e7a1d52_k-300x225.jpg 300w, https:\/\/www.tankavaara.fi\/wp-content\/uploads\/2020\/11\/47847421821_ab9e7a1d52_k-768x575.jpg 768w, https:\/\/www.tankavaara.fi\/wp-content\/uploads\/2020\/11\/47847421821_ab9e7a1d52_k-1536x1151.jpg 1536w, https:\/\/www.tankavaara.fi\/wp-content\/uploads\/2020\/11\/47847421821_ab9e7a1d52_k.jpg 2048w\" sizes=\"auto, (max-width: 1024px) 100vw, 1024px\" \/><\/a><\/figure><\/li><li class=\"blocks-gallery-item\"><figure><a href=\"https:\/\/www.tankavaara.fi\/wp-content\/uploads\/2020\/11\/40880479863_56d3fd7a3a_k.jpg\"><img loading=\"lazy\" decoding=\"async\" width=\"1024\" height=\"683\" src=\"https:\/\/www.tankavaara.fi\/wp-content\/uploads\/2020\/11\/40880479863_56d3fd7a3a_k-1024x683.jpg\" alt=\"\" data-id=\"1353\" data-full-url=\"https:\/\/www.tankavaara.fi\/wp-content\/uploads\/2020\/11\/40880479863_56d3fd7a3a_k.jpg\" data-link=\"https:\/\/www.tankavaara.fi\/winter\/40880479863_56d3fd7a3a_k\/\" class=\"wp-image-1353\" srcset=\"https:\/\/www.tankavaara.fi\/wp-content\/uploads\/2020\/11\/40880479863_56d3fd7a3a_k-1024x683.jpg 1024w, https:\/\/www.tankavaara.fi\/wp-content\/uploads\/2020\/11\/40880479863_56d3fd7a3a_k-300x200.jpg 300w, https:\/\/www.tankavaara.fi\/wp-content\/uploads\/2020\/11\/40880479863_56d3fd7a3a_k-768x512.jpg 768w, https:\/\/www.tankavaara.fi\/wp-content\/uploads\/2020\/11\/40880479863_56d3fd7a3a_k-1536x1024.jpg 1536w, https:\/\/www.tankavaara.fi\/wp-content\/uploads\/2020\/11\/40880479863_56d3fd7a3a_k.jpg 2048w\" sizes=\"auto, (max-width: 1024px) 100vw, 1024px\" \/><\/a><\/figure><\/li><li class=\"blocks-gallery-item\"><figure><a href=\"https:\/\/www.tankavaara.fi\/wp-content\/uploads\/2019\/10\/IMG_1667.jpg\"><img loading=\"lazy\" decoding=\"async\" width=\"1024\" height=\"683\" src=\"https:\/\/www.tankavaara.fi\/wp-content\/uploads\/2019\/10\/IMG_1667-1024x683.jpg\" alt=\"\" data-id=\"1103\" data-full-url=\"https:\/\/www.tankavaara.fi\/wp-content\/uploads\/2019\/10\/IMG_1667.jpg\" data-link=\"https:\/\/www.tankavaara.fi\/img_1667\/\" class=\"wp-image-1103\" srcset=\"https:\/\/www.tankavaara.fi\/wp-content\/uploads\/2019\/10\/IMG_1667-1024x683.jpg 1024w, https:\/\/www.tankavaara.fi\/wp-content\/uploads\/2019\/10\/IMG_1667-300x200.jpg 300w, https:\/\/www.tankavaara.fi\/wp-content\/uploads\/2019\/10\/IMG_1667-768x512.jpg 768w\" sizes=\"auto, (max-width: 1024px) 100vw, 1024px\" \/><\/a><\/figure><\/li><\/ul><\/figure>\n\n\n\n<p>Retkien ajankohdat:<\/p>\n\n\n\n<ul class=\"wp-block-list\"><li>23.-26.2.2021<\/li><li>2.-5.3.2021<\/li><li>7.-10.3.2021<\/li><\/ul>\n\n\n\n<p>Retki sis\u00e4lt\u00e4\u00e4 majoituksen Tankavaaran Kultakyl\u00e4ss\u00e4 ensimm\u00e4isen\u00e4 ja viimeisen\u00e4 y\u00f6n\u00e4 sek\u00e4 kuljetukset K\u00f6ysivaaraan.<\/p>\n\n\n\n<p>Retki alkaa K\u00f6ysivaaran k\u00e4mp\u00e4lt\u00e4 hyvin nukutun y\u00f6n j\u00e4lkeen noin kello 07:30 runsaan aamupalan merkeiss\u00e4. Klo 9:00 suunta k\u00e4\u00e4ntyy kohti Patatunturia hiiht\u00e4en tai lumikenk\u00e4illen. Retken aikana kuulet tarinoita Lapinmaan historiasta sek\u00e4 kultaperinteest\u00e4. Matkalla saatat bongata vaikkapa Kotkan. Retkiev\u00e4\u00e4t nautitaan Patatunturilla, josta palataan K\u00f6ysivaaran k\u00e4mp\u00e4lle. K\u00f6ysivaarassa tarjoillaan illallinen ja iso ihana savottasauna l\u00e4mpenee. Jos olet onnekas ja revontulia on taivaalla, n\u00e4et ne varmasti, sill\u00e4 k\u00e4mpp\u00e4 sijaitsee keskell\u00e4 valosaasteetonta er\u00e4maa-aluetta.<\/p>\n\n\n\n<p>Seuraavana aamuna runsaan aamupalan j\u00e4lkeen l\u00e4htee kuljetus Tankavaaraan, jossa voi rentoutua ennen ohjelmallista kotaillallista, jossa kerrotaan Sompion noidasta kolmen ruokalajin illallisen ohessa.<\/p>\n\n\n\n<p>Suosittelemme omien talvivarusteiden tuomista mukavuussyist\u00e4. Lainaamme haalarit ja varusteet tarvittaessa.<\/p>\n\n\n\n<figure class=\"wp-block-gallery columns-3 is-cropped wp-block-gallery-2 is-layout-flex wp-block-gallery-is-layout-flex\"><ul class=\"blocks-gallery-grid\"><li class=\"blocks-gallery-item\"><figure><a href=\"https:\/\/www.tankavaara.fi\/wp-content\/uploads\/2020\/12\/Tiedosto_000-2-scaled.jpeg\"><img loading=\"lazy\" decoding=\"async\" width=\"768\" height=\"1024\" src=\"https:\/\/www.tankavaara.fi\/wp-content\/uploads\/2020\/12\/Tiedosto_000-2-768x1024.jpeg\" alt=\"\" data-id=\"1623\" data-full-url=\"https:\/\/www.tankavaara.fi\/wp-content\/uploads\/2020\/12\/Tiedosto_000-2-scaled.jpeg\" data-link=\"https:\/\/www.tankavaara.fi\/kota\/tiedosto_000-2\/\" class=\"wp-image-1623\" srcset=\"https:\/\/www.tankavaara.fi\/wp-content\/uploads\/2020\/12\/Tiedosto_000-2-768x1024.jpeg 768w, https:\/\/www.tankavaara.fi\/wp-content\/uploads\/2020\/12\/Tiedosto_000-2-225x300.jpeg 225w, https:\/\/www.tankavaara.fi\/wp-content\/uploads\/2020\/12\/Tiedosto_000-2-1152x1536.jpeg 1152w, https:\/\/www.tankavaara.fi\/wp-content\/uploads\/2020\/12\/Tiedosto_000-2-1536x2048.jpeg 1536w, https:\/\/www.tankavaara.fi\/wp-content\/uploads\/2020\/12\/Tiedosto_000-2-scaled.jpeg 1920w\" sizes=\"auto, (max-width: 768px) 100vw, 768px\" \/><\/a><\/figure><\/li><li class=\"blocks-gallery-item\"><figure><a href=\"https:\/\/www.tankavaara.fi\/wp-content\/uploads\/2019\/10\/IMG_4344.jpg\"><img loading=\"lazy\" decoding=\"async\" width=\"683\" height=\"1024\" src=\"https:\/\/www.tankavaara.fi\/wp-content\/uploads\/2019\/10\/IMG_4344-683x1024.jpg\" alt=\"\" data-id=\"1105\" data-full-url=\"https:\/\/www.tankavaara.fi\/wp-content\/uploads\/2019\/10\/IMG_4344.jpg\" data-link=\"https:\/\/www.tankavaara.fi\/img_4344\/\" class=\"wp-image-1105\" srcset=\"https:\/\/www.tankavaara.fi\/wp-content\/uploads\/2019\/10\/IMG_4344-683x1024.jpg 683w, https:\/\/www.tankavaara.fi\/wp-content\/uploads\/2019\/10\/IMG_4344-200x300.jpg 200w, https:\/\/www.tankavaara.fi\/wp-content\/uploads\/2019\/10\/IMG_4344-768x1152.jpg 768w, https:\/\/www.tankavaara.fi\/wp-content\/uploads\/2019\/10\/IMG_4344.jpg 2048w\" sizes=\"auto, (max-width: 683px) 100vw, 683px\" \/><\/a><\/figure><\/li><li class=\"blocks-gallery-item\"><figure><a href=\"https:\/\/www.tankavaara.fi\/wp-content\/uploads\/2019\/03\/Majoitus_Tankavaara_huone.jpg\"><img loading=\"lazy\" decoding=\"async\" width=\"683\" height=\"1024\" src=\"https:\/\/www.tankavaara.fi\/wp-content\/uploads\/2019\/03\/Majoitus_Tankavaara_huone-683x1024.jpg\" alt=\"\" data-id=\"865\" data-full-url=\"https:\/\/www.tankavaara.fi\/wp-content\/uploads\/2019\/03\/Majoitus_Tankavaara_huone.jpg\" data-link=\"https:\/\/www.tankavaara.fi\/majoitus\/majoitus_tankavaara_huone\/\" class=\"wp-image-865\" srcset=\"https:\/\/www.tankavaara.fi\/wp-content\/uploads\/2019\/03\/Majoitus_Tankavaara_huone-683x1024.jpg 683w, https:\/\/www.tankavaara.fi\/wp-content\/uploads\/2019\/03\/Majoitus_Tankavaara_huone-200x300.jpg 200w, https:\/\/www.tankavaara.fi\/wp-content\/uploads\/2019\/03\/Majoitus_Tankavaara_huone-768x1152.jpg 768w, https:\/\/www.tankavaara.fi\/wp-content\/uploads\/2019\/03\/Majoitus_Tankavaara_huone.jpg 1024w\" sizes=\"auto, (max-width: 683px) 100vw, 683px\" \/><\/a><\/figure><\/li><\/ul><\/figure>\n\n\n\n<p>Retkeen sis\u00e4ltyy:<\/p>\n\n\n\n<ul class=\"wp-block-list\"><li>2 y\u00f6n majoitus Tankavaaran kultakyl\u00e4ss\u00e4<\/li><li>1 y\u00f6n majoitus K\u00f6ysivaaran er\u00e4k\u00e4mp\u00e4ll\u00e4<\/li><li>aamupalat<\/li><li>retkip\u00e4iv\u00e4n ruokailut<\/li><li>l\u00e4ht\u00f6illan kotaillallinen<\/li><li>sauna<\/li><li>kuljetukset K\u00f6ysivaaraan<\/li><li>lumikenkien tai liukulumikenkien vuokra<\/li><\/ul>\n\n\n\n<p><strong>V\u00e4himm\u00e4isvaraus, 2hl\u00f6 valittava alla ennen kuin n\u00e4et vapaat p\u00e4ivm\u00e4\u00e4r\u00e4t.<\/strong> Tee varaus alla tai puhelimitse +358 16 626 158, s\u00e4hk\u00f6posti info@tankavaara.fi<\/p>\n\n\n\n<script type=\"text\/javascript\" src=\"https:\/\/widgets.bokun.io\/assets\/javascripts\/apps\/build\/BokunWidgetsLoader.js?bookingChannelUUID=f8a5537c-6bed-43d0-8836-d25894f6a4dd\" async=\"\"><\/script>\n     \n    <div class=\"bokunWidget\" data-src=\"https:\/\/widgets.bokun.io\/online-sales\/f8a5537c-6bed-43d0-8836-d25894f6a4dd\/experience-calendar\/611283\"><\/div>\n    <noscript>Please enable javascript in your browser to book<\/noscript>\n","protected":false},"excerpt":{"rendered":"<p>P\u00e4iv\u00e4retki hiiht\u00e4en tai lumikengill\u00e4 Hammastunturin er\u00e4maahan, sek\u00e4 kolmen y\u00f6n majoitus ja ruokailut. Retkien ajankohdat: 23.-26.2.2021 2.-5.3.2021 7.-10.3.2021 Retki sis\u00e4lt\u00e4\u00e4 majoituksen Tankavaaran Kultakyl\u00e4ss\u00e4 ensimm\u00e4isen\u00e4 ja viimeisen\u00e4 y\u00f6n\u00e4 sek\u00e4 kuljetukset K\u00f6ysivaaraan. Retki alkaa K\u00f6ysivaaran k\u00e4mp\u00e4lt\u00e4 hyvin nukutun y\u00f6n j\u00e4lkeen noin kello 07:30&hellip; <\/p>\n","protected":false},"author":1,"featured_media":1104,"parent":0,"menu_order":0,"comment_status":"closed","ping_status":"closed","template":"","meta":{"_monsterinsights_skip_tracking":false,"_monsterinsights_sitenote_active":false,"_monsterinsights_sitenote_note":"","_monsterinsights_sitenote_category":0,"footnotes":""},"class_list":["post-1698","page","type-page","status-publish","has-post-thumbnail","hentry"],"translation":{"provider":"WPGlobus","version":"3.0.2","language":"en","enabled_languages":["fi","en"],"languages":{"fi":{"title":true,"content":true,"excerpt":false},"en":{"title":false,"content":false,"excerpt":false}}},"_links":{"self":[{"href":"https:\/\/www.tankavaara.fi\/en\/wp-json\/wp\/v2\/pages\/1698","targetHints":{"allow":["GET"]}}],"collection":[{"href":"https:\/\/www.tankavaara.fi\/en\/wp-json\/wp\/v2\/pages"}],"about":[{"href":"https:\/\/www.tankavaara.fi\/en\/wp-json\/wp\/v2\/types\/page"}],"author":[{"embeddable":true,"href":"https:\/\/www.tankavaara.fi\/en\/wp-json\/wp\/v2\/users\/1"}],"replies":[{"embeddable":true,"href":"https:\/\/www.tankavaara.fi\/en\/wp-json\/wp\/v2\/comments?post=1698"}],"version-history":[{"count":5,"href":"https:\/\/www.tankavaara.fi\/en\/wp-json\/wp\/v2\/pages\/1698\/revisions"}],"predecessor-version":[{"id":1704,"href":"https:\/\/www.tankavaara.fi\/en\/wp-json\/wp\/v2\/pages\/1698\/revisions\/1704"}],"wp:featuredmedia":[{"embeddable":true,"href":"https:\/\/www.tankavaara.fi\/en\/wp-json\/wp\/v2\/media\/1104"}],"wp:attachment":[{"href":"https:\/\/www.tankavaara.fi\/en\/wp-json\/wp\/v2\/media?parent=1698"}],"curies":[{"name":"wp","href":"https:\/\/api.w.org\/{rel}","templated":true}]}}