{"id":1498,"date":"2020-11-17T19:33:05","date_gmt":"2020-11-17T19:33:05","guid":{"rendered":"https:\/\/www.tankavaara.fi\/?page_id=1498"},"modified":"2021-06-29T11:07:20","modified_gmt":"2021-06-29T09:07:20","slug":"frisbeegolf","status":"publish","type":"page","link":"https:\/\/www.tankavaara.fi\/en\/frisbeegolf\/","title":{"rendered":"Tankavaara Gold Frisbee Golf"},"content":{"rendered":"\n<p>18 v\u00e4yl\u00e4inen frisbeegolf rata on avattu Tankavaaran Kultakyl\u00e4\u00e4n kes\u00e4kuussa 2021.<\/p>\n\n\n\n<figure class=\"wp-block-image size-large\"><a href=\"https:\/\/www.tankavaara.fi\/wp-content\/uploads\/2021\/06\/IsoKartta_layout_130x85cm.jpg\"><img decoding=\"async\" src=\"https:\/\/www.tankavaara.fi\/wp-content\/uploads\/2021\/06\/IsoKartta_layout_130x85cm.jpg\" alt=\"\" class=\"wp-image-1775\"\/><\/a><\/figure>\n","protected":false},"excerpt":{"rendered":"<p>18 v\u00e4yl\u00e4inen frisbeegolf rata on avattu Tankavaaran Kultakyl\u00e4\u00e4n kes\u00e4kuussa 2021.<\/p>\n","protected":false},"author":1,"featured_media":0,"parent":0,"menu_order":0,"comment_status":"closed","ping_status":"closed","template":"","meta":{"_monsterinsights_skip_tracking":false,"_monsterinsights_sitenote_active":false,"_monsterinsights_sitenote_note":"","_monsterinsights_sitenote_category":0,"footnotes":""},"class_list":["post-1498","page","type-page","status-publish","hentry"],"translation":{"provider":"WPGlobus","version":"3.0.2","language":"en","enabled_languages":["fi","en"],"languages":{"fi":{"title":true,"content":true,"excerpt":false},"en":{"title":false,"content":false,"excerpt":false}}},"_links":{"self":[{"href":"https:\/\/www.tankavaara.fi\/en\/wp-json\/wp\/v2\/pages\/1498","targetHints":{"allow":["GET"]}}],"collection":[{"href":"https:\/\/www.tankavaara.fi\/en\/wp-json\/wp\/v2\/pages"}],"about":[{"href":"https:\/\/www.tankavaara.fi\/en\/wp-json\/wp\/v2\/types\/page"}],"author":[{"embeddable":true,"href":"https:\/\/www.tankavaara.fi\/en\/wp-json\/wp\/v2\/users\/1"}],"replies":[{"embeddable":true,"href":"https:\/\/www.tankavaara.fi\/en\/wp-json\/wp\/v2\/comments?post=1498"}],"version-history":[{"count":4,"href":"https:\/\/www.tankavaara.fi\/en\/wp-json\/wp\/v2\/pages\/1498\/revisions"}],"predecessor-version":[{"id":1776,"href":"https:\/\/www.tankavaara.fi\/en\/wp-json\/wp\/v2\/pages\/1498\/revisions\/1776"}],"wp:attachment":[{"href":"https:\/\/www.tankavaara.fi\/en\/wp-json\/wp\/v2\/media?parent=1498"}],"curies":[{"name":"wp","href":"https:\/\/api.w.org\/{rel}","templated":true}]}}